{"id":4610,"date":"2017-04-09T21:25:01","date_gmt":"2017-04-10T03:25:01","guid":{"rendered":"https:\/\/iet-inc.com\/denny-walker\/"},"modified":"2025-03-17T09:37:21","modified_gmt":"2025-03-17T15:37:21","slug":"denny-walker","status":"publish","type":"page","link":"https:\/\/iet-inc.com\/es\/sobre-nosotros\/denny-walker\/","title":{"rendered":"Denny Walker"},"content":{"rendered":"<p>Denny Walker es el presidente de North American Analytical Labs y del Instituto de Capacitaci\u00f3n Ambiental. El Sr. Walker ha sido propietario y operador de ambos negocios desde 1988. Dise\u00f1a todas las especificaciones del proyecto y actualmente es el consultor registrado en el estado de Texas para NAAL, Inc. y el Director de Capacitaci\u00f3n del Instituto de Capacitaci\u00f3n Ambiental, Inc. IET, Inc. obtuvo la acreditaci\u00f3n de la EPA en 1988 y obtuvo la licencia del Departamento de Salud de Texas en 1992. El Sr. Walker imparte cursos sobre el asbesto, capacitando al Departamento de Defensa, al Estado de Texas, a numerosos distritos escolares y a varias entidades privadas.    <\/p>\n<p>Certificaciones de Denny Walker:<\/p>\n<ul>\n<li style=\"text-align: left;\">1988-Presente NIOSH 582 Capacitaci\u00f3n para Microscop\u00eda PCM<\/li>\n<li>1988-Actualidad Mineralog\u00eda \u00d3ptica<\/li>\n<li>1988-Presente Curso de Contratista\/Supervisor de Asbesto<\/li>\n<li>1988-Presente T\u00e9cnico de Monitoreo de Aire de Asbesto<\/li>\n<li>1989-Presente Curso de Planificador de Gesti\u00f3n de Reducci\u00f3n de Asbesto<\/li>\n<li>1990-Presente Dise\u00f1ador de Proyectos de Asbesto<\/li>\n<li>1991-Presente Inspector de Asbesto<\/li>\n<li>1998-Presente Capacitaci\u00f3n RRP de pintura a base de plomo<\/li>\n<li>2008-Presente Fase I Y II ASTM: Evaluaciones Ambientales de Sitio para Edificios Comerciales<\/li>\n<\/ul>\n","protected":false},"excerpt":{"rendered":"<p>Denny Walker es el presidente de North American Analytical Labs y del Instituto de Capacitaci\u00f3n Ambiental. El Sr. Walker ha sido propietario y operador de ambos negocios desde 1988. Dise\u00f1a todas las especificaciones del proyecto y actualmente es el consultor registrado en el estado de Texas para NAAL, Inc. y el Director de Capacitaci\u00f3n del [&hellip;]<\/p>\n","protected":false},"author":1,"featured_media":0,"parent":4654,"menu_order":0,"comment_status":"closed","ping_status":"closed","template":"","meta":{"footnotes":""},"class_list":["post-4610","page","type-page","status-publish","hentry"],"_links":{"self":[{"href":"https:\/\/iet-inc.com\/es\/wp-json\/wp\/v2\/pages\/4610","targetHints":{"allow":["GET"]}}],"collection":[{"href":"https:\/\/iet-inc.com\/es\/wp-json\/wp\/v2\/pages"}],"about":[{"href":"https:\/\/iet-inc.com\/es\/wp-json\/wp\/v2\/types\/page"}],"author":[{"embeddable":true,"href":"https:\/\/iet-inc.com\/es\/wp-json\/wp\/v2\/users\/1"}],"replies":[{"embeddable":true,"href":"https:\/\/iet-inc.com\/es\/wp-json\/wp\/v2\/comments?post=4610"}],"version-history":[{"count":1,"href":"https:\/\/iet-inc.com\/es\/wp-json\/wp\/v2\/pages\/4610\/revisions"}],"predecessor-version":[{"id":4655,"href":"https:\/\/iet-inc.com\/es\/wp-json\/wp\/v2\/pages\/4610\/revisions\/4655"}],"up":[{"embeddable":true,"href":"https:\/\/iet-inc.com\/es\/wp-json\/wp\/v2\/pages\/4654"}],"wp:attachment":[{"href":"https:\/\/iet-inc.com\/es\/wp-json\/wp\/v2\/media?parent=4610"}],"curies":[{"name":"wp","href":"https:\/\/api.w.org\/{rel}","templated":true}]}}