{"id":4637,"date":"2024-04-25T18:25:59","date_gmt":"2024-04-26T00:25:59","guid":{"rendered":"https:\/\/iet-inc.com\/clase-de-2-horas-de-concientizacion-sobre-el-asbesto\/"},"modified":"2025-03-17T10:08:35","modified_gmt":"2025-03-17T16:08:35","slug":"clase-de-2-horas-de-concientizacion-sobre-el-asbesto","status":"publish","type":"page","link":"https:\/\/iet-inc.com\/es\/capacitacion-sobre-el-asbesto\/clase-de-2-horas-de-concientizacion-sobre-el-asbesto\/","title":{"rendered":"Clase de 2 horas de concientizaci\u00f3n sobre el asbesto"},"content":{"rendered":"<p>[et_pb_section fb_built=&#8221;1&#8243; _builder_version=&#8221;4.27.4&#8243; _module_preset=&#8221;default&#8221; global_colors_info=&#8221;{}&#8221;][et_pb_row _builder_version=&#8221;4.27.4&#8243; _module_preset=&#8221;default&#8221; max_width=&#8221;1620px&#8221; global_colors_info=&#8221;{}&#8221;][et_pb_column type=&#8221;4_4&#8243; _builder_version=&#8221;4.27.4&#8243; _module_preset=&#8221;default&#8221; global_colors_info=&#8221;{}&#8221;][et_pb_text _builder_version=&#8221;4.25.0&#8243; _module_preset=&#8221;default&#8221; text_font=&#8221;|700|||||||&#8221; text_letter_spacing=&#8221;1px&#8221; text_text_shadow_style=&#8221;preset4&#8243; global_colors_info=&#8221;{}&#8221;]<\/p>\n<h2 style=\"text-align: center;\"><b>Clase de 2 horas de concientizaci\u00f3n sobre el asbesto<\/b><\/h2>\n<p>[\/et_pb_text][\/et_pb_column][\/et_pb_row][et_pb_row column_structure=&#8221;3_5,2_5&#8243; _builder_version=&#8221;4.27.4&#8243; _module_preset=&#8221;default&#8221; max_width=&#8221;1620px&#8221; global_colors_info=&#8221;{}&#8221;][et_pb_column type=&#8221;3_5&#8243; _builder_version=&#8221;4.27.4&#8243; _module_preset=&#8221;default&#8221; global_colors_info=&#8221;{}&#8221;][et_pb_text admin_label=&#8221;Text&#8221; _builder_version=&#8221;4.27.4&#8243; text_text_color=&#8221;#000000&#8243; text_font_size=&#8221;16px&#8221; background_size=&#8221;initial&#8221; background_position=&#8221;top_left&#8221; background_repeat=&#8221;repeat&#8221; global_colors_info=&#8221;{}&#8221;]<\/p>\n<p><span style=\"font-weight: 400;\">La <strong>clase de concientizaci\u00f3n de 2 horas sobre el asbesto<\/strong> es para el personal de mantenimiento y conserjer\u00eda involucrado en tareas de limpieza y mantenimiento menores donde el ACM puede ser perturbado accidentalmente o actividades de limpieza donde el asbesto est\u00e1 presente.<\/span><\/p>\n<p><span style=\"font-weight: 400;\">Cumple con la Administraci\u00f3n de Seguridad y Salud Ocupacional (OSHA)  <\/span><\/p>\n<p><a href=\"http:\/\/edocket.access.gpo.gov\/cfr_2007\/julqtr\/pdf\/29cfr1910.1001.pdf\"><span style=\"font-weight: 400;\">29 CFR \u00a7 1910.1001(j)(7) (PDF)<\/span><\/a><span style=\"font-weight: 400;\"> <\/span><\/p>\n<p><span style=\"font-weight: 400;\">De acuerdo con las regulaciones de la EPA que rigen las escuelas, todos los trabajadores de limpieza del personal escolar que realicen actividades de limpieza que puedan resultar en la alteraci\u00f3n del material de construcci\u00f3n que contiene asbesto (ACBM) deben recibir 2 horas de capacitaci\u00f3n de concientizaci\u00f3n.<\/span><\/p>\n<p><span style=\"font-weight: 400;\">Cumple con EPA 40 CFR parte 763 AHERA Ap\u00e9ndice C a la Subparte E<\/span><\/p>\n<p><a href=\"https:\/\/www.epa.gov\/sites\/production\/files\/documents\/2003pt763_0.pdf\"><span style=\"font-weight: 400;\">Requisitos de AHERA de la EPA (PDF)<\/span><\/a><span style=\"font-weight: 400;\"> <\/span><\/p>\n<p><span style=\"font-weight: 400;\">Algunos estados y municipios tambi\u00e9n pueden tener requisitos espec\u00edficos de capacitaci\u00f3n para los trabajadores que podr\u00edan estar expuestos al asbesto, o que trabajan en un edificio con ACM presente.<\/span><\/p>\n<p style=\"text-align: center;\">[\/et_pb_text][\/et_pb_column][et_pb_column type=&#8221;2_5&#8243; _builder_version=&#8221;4.27.4&#8243; _module_preset=&#8221;default&#8221; global_colors_info=&#8221;{}&#8221;][et_pb_text _builder_version=&#8221;4.27.4&#8243; _module_preset=&#8221;6da9cd34-a7b5-4e65-9c57-4cb3467625b1&#8243; text_font_size=&#8221;16px&#8221; ul_text_align=&#8221;center&#8221; text_orientation=&#8221;center&#8221; global_colors_info=&#8221;{}&#8221;]<\/p>\n<h4 style=\"text-align: left;\">Temas Incluidos<\/h4>\n<ul>\n<li style=\"text-align: left;\">Informaci\u00f3n b\u00e1sica sobre el amianto<\/li>\n<li style=\"text-align: left;\">Efectos del amianto sobre la salud<\/li>\n<li style=\"text-align: left;\">Programas de protecci\u00f3n al trabajador<\/li>\n<li style=\"text-align: left;\">Ubicaciones de ACM en el edificio<\/li>\n<li style=\"text-align: left;\">Reconocimiento de da\u00f1os y deterioro de ACM<\/li>\n<li style=\"text-align: left;\">El programa de O&amp;M para ese edificio escolar.<\/li>\n<\/ul>\n<p>[\/et_pb_text][et_pb_button button_url=&#8221;https:\/\/iet-inc.com\/product\/asbestos-2-hour-awareness-training\/&#8221; button_text=&#8221;INSCR\u00cdBETE EN LA CLASE EN L\u00cdNEA&#8221; button_alignment=&#8221;left&#8221; _builder_version=&#8221;4.27.4&#8243; _module_preset=&#8221;default&#8221; custom_button=&#8221;on&#8221; button_text_color=&#8221;#FFFFFF&#8221; button_bg_color=&#8221;#0C71C3&#8243; button_border_radius=&#8221;7px&#8221; global_colors_info=&#8221;{}&#8221;][\/et_pb_button][et_pb_button button_url=&#8221;https:\/\/iet-inc.com\/product\/asbestos-2-hour-awareness-spanish\/&#8221; button_text=&#8221;INSCR\u00cdBETE A LA CLASE ONLINE en ESPA\u00d1OL&#8221; button_alignment=&#8221;left&#8221; _builder_version=&#8221;4.27.4&#8243; _module_preset=&#8221;default&#8221; custom_button=&#8221;on&#8221; button_text_color=&#8221;#FFFFFF&#8221; button_bg_color=&#8221;#0C71C3&#8243; button_border_radius=&#8221;7px&#8221; hover_enabled=&#8221;0&#8243; global_colors_info=&#8221;{}&#8221; sticky_enabled=&#8221;0&#8243;][\/et_pb_button][\/et_pb_column][\/et_pb_row][et_pb_row _builder_version=&#8221;4.27.4&#8243; _module_preset=&#8221;default&#8221; max_width=&#8221;1620px&#8221; global_colors_info=&#8221;{}&#8221;][et_pb_column type=&#8221;4_4&#8243; _builder_version=&#8221;4.27.4&#8243; _module_preset=&#8221;default&#8221; global_colors_info=&#8221;{}&#8221;][et_pb_text _builder_version=&#8221;4.27.4&#8243; _module_preset=&#8221;default&#8221; text_font_size=&#8221;16px&#8221; global_colors_info=&#8221;{}&#8221;]<\/p>\n<p><b>Tenga en cuenta<\/b>: Su estado tiene requisitos detallados de educaci\u00f3n, experiencia y procesamiento de solicitudes para calificar para la licencia en el campo del asbesto. La mayor\u00eda de los estados administran sus propios programas de asbesto, y el Departamento de Protecci\u00f3n Ambiental\/Salud de cada estado es generalmente el mejor lugar para comenzar con preguntas sobre los requisitos y la capacitaci\u00f3n. Los estudiantes son responsables de verificar estos requisitos antes de inscribirse en un curso.  <\/p>\n<p>[\/et_pb_text][\/et_pb_column][\/et_pb_row][\/et_pb_section]<\/p>\n","protected":false},"excerpt":{"rendered":"<p>[et_pb_section fb_built=&#8221;1&#8243; _builder_version=&#8221;4.27.4&#8243; _module_preset=&#8221;default&#8221; global_colors_info=&#8221;{}&#8221;][et_pb_row _builder_version=&#8221;4.27.4&#8243; _module_preset=&#8221;default&#8221; max_width=&#8221;1620px&#8221; global_colors_info=&#8221;{}&#8221;][et_pb_column type=&#8221;4_4&#8243; _builder_version=&#8221;4.27.4&#8243; _module_preset=&#8221;default&#8221; global_colors_info=&#8221;{}&#8221;][et_pb_text _builder_version=&#8221;4.25.0&#8243; _module_preset=&#8221;default&#8221; text_font=&#8221;|700|||||||&#8221; text_letter_spacing=&#8221;1px&#8221; text_text_shadow_style=&#8221;preset4&#8243; global_colors_info=&#8221;{}&#8221;] Clase de 2 horas de concientizaci\u00f3n sobre el asbesto [\/et_pb_text][\/et_pb_column][\/et_pb_row][et_pb_row column_structure=&#8221;3_5,2_5&#8243; _builder_version=&#8221;4.27.4&#8243; _module_preset=&#8221;default&#8221; max_width=&#8221;1620px&#8221; global_colors_info=&#8221;{}&#8221;][et_pb_column type=&#8221;3_5&#8243; _builder_version=&#8221;4.27.4&#8243; _module_preset=&#8221;default&#8221; global_colors_info=&#8221;{}&#8221;][et_pb_text admin_label=&#8221;Text&#8221; _builder_version=&#8221;4.27.4&#8243; text_text_color=&#8221;#000000&#8243; text_font_size=&#8221;16px&#8221; background_size=&#8221;initial&#8221; background_position=&#8221;top_left&#8221; background_repeat=&#8221;repeat&#8221; global_colors_info=&#8221;{}&#8221;] La clase de concientizaci\u00f3n de 2 horas sobre el [&hellip;]<\/p>\n","protected":false},"author":1,"featured_media":0,"parent":4661,"menu_order":10,"comment_status":"closed","ping_status":"closed","template":"","meta":{"footnotes":""},"class_list":["post-4637","page","type-page","status-publish","hentry"],"_links":{"self":[{"href":"https:\/\/iet-inc.com\/es\/wp-json\/wp\/v2\/pages\/4637","targetHints":{"allow":["GET"]}}],"collection":[{"href":"https:\/\/iet-inc.com\/es\/wp-json\/wp\/v2\/pages"}],"about":[{"href":"https:\/\/iet-inc.com\/es\/wp-json\/wp\/v2\/types\/page"}],"author":[{"embeddable":true,"href":"https:\/\/iet-inc.com\/es\/wp-json\/wp\/v2\/users\/1"}],"replies":[{"embeddable":true,"href":"https:\/\/iet-inc.com\/es\/wp-json\/wp\/v2\/comments?post=4637"}],"version-history":[{"count":10,"href":"https:\/\/iet-inc.com\/es\/wp-json\/wp\/v2\/pages\/4637\/revisions"}],"predecessor-version":[{"id":4784,"href":"https:\/\/iet-inc.com\/es\/wp-json\/wp\/v2\/pages\/4637\/revisions\/4784"}],"up":[{"embeddable":true,"href":"https:\/\/iet-inc.com\/es\/wp-json\/wp\/v2\/pages\/4661"}],"wp:attachment":[{"href":"https:\/\/iet-inc.com\/es\/wp-json\/wp\/v2\/media?parent=4637"}],"curies":[{"name":"wp","href":"https:\/\/api.w.org\/{rel}","templated":true}]}}